{"id":2,"date":"2020-07-17T14:29:59","date_gmt":"2020-07-17T12:29:59","guid":{"rendered":"https:\/\/blog.shp.law\/?page_id=2"},"modified":"2024-09-19T14:21:48","modified_gmt":"2024-09-19T12:21:48","slug":"beispiel-seite","status":"publish","type":"page","link":"https:\/\/blog.shp.law\/index.php\/beispiel-seite\/","title":{"rendered":"Services"},"content":{"rendered":"\t\t<div data-elementor-type=\"wp-page\" data-elementor-id=\"2\" class=\"elementor elementor-2\" data-elementor-post-type=\"page\">\n\t\t\t\t\t\t<section class=\"elementor-section elementor-top-section elementor-element elementor-element-719152d elementor-section-boxed elementor-section-height-default elementor-section-height-default\" data-id=\"719152d\" data-element_type=\"section\" data-e-type=\"section\">\n\t\t\t\t\t\t<div class=\"elementor-container elementor-column-gap-default\">\n\t\t\t\t\t<div class=\"elementor-column elementor-col-100 elementor-top-column elementor-element elementor-element-9c5ffef\" data-id=\"9c5ffef\" data-element_type=\"column\" data-e-type=\"column\">\n\t\t\t<div class=\"elementor-widget-wrap elementor-element-populated\">\n\t\t\t\t\t\t\t<\/div>\n\t\t<\/div>\n\t\t\t\t\t<\/div>\n\t\t<\/section>\n\t\t\t\t<section class=\"elementor-section elementor-top-section elementor-element elementor-element-91bd5dd elementor-section-boxed elementor-section-height-default elementor-section-height-default\" data-id=\"91bd5dd\" data-element_type=\"section\" data-e-type=\"section\">\n\t\t\t\t\t\t<div class=\"elementor-container elementor-column-gap-default\">\n\t\t\t\t\t<div class=\"elementor-column elementor-col-100 elementor-top-column elementor-element elementor-element-33bb1d9\" data-id=\"33bb1d9\" data-element_type=\"column\" data-e-type=\"column\">\n\t\t\t<div class=\"elementor-widget-wrap elementor-element-populated\">\n\t\t\t\t\t\t<div class=\"elementor-element elementor-element-9a99a8e elementor-widget elementor-widget-heading\" data-id=\"9a99a8e\" data-element_type=\"widget\" data-e-type=\"widget\" data-widget_type=\"heading.default\">\n\t\t\t\t<div class=\"elementor-widget-container\">\n\t\t\t\t\t<h3 class=\"elementor-heading-title elementor-size-default\">DIE KANZLEI<\/h3>\t\t\t\t<\/div>\n\t\t\t\t<\/div>\n\t\t\t\t\t<\/div>\n\t\t<\/div>\n\t\t\t\t\t<\/div>\n\t\t<\/section>\n\t\t\t\t<section class=\"elementor-section elementor-top-section elementor-element elementor-element-443218d4 elementor-section-boxed elementor-section-height-default elementor-section-height-default\" data-id=\"443218d4\" data-element_type=\"section\" data-e-type=\"section\">\n\t\t\t\t\t\t<div class=\"elementor-container elementor-column-gap-default\">\n\t\t\t\t\t<div class=\"elementor-column elementor-col-100 elementor-top-column elementor-element elementor-element-7a44dd5d\" data-id=\"7a44dd5d\" data-element_type=\"column\" data-e-type=\"column\">\n\t\t\t<div class=\"elementor-widget-wrap elementor-element-populated\">\n\t\t\t\t\t\t<div class=\"elementor-element elementor-element-17939530 elementor-widget elementor-widget-text-editor\" data-id=\"17939530\" data-element_type=\"widget\" data-e-type=\"widget\" data-widget_type=\"text-editor.default\">\n\t\t\t\t<div class=\"elementor-widget-container\">\n\t\t\t\t\t\t\t\t\tSONNENBERG HARRISON versteht sich als Partner der Industrie und Kreativen und bietet eine entsprechend umfassende service- und l\u00f6sungsorientierte Beratung im gewerblichen Rechtsschutz an. Dabei stehen die Qualit\u00e4t unserer Arbeit, die Effektivit\u00e4t sowie das Engagement f\u00fcr die Belange unserer Mandanten im Vordergrund.\n<br><br>\nDie fundierte rechtliche Beratung ist dabei selbstverst\u00e4ndlich. Daneben denken wir aber vor allem unternehmerisch. Es geht nicht um Recht haben, sondern um den wirtschaftlichen Erfolg Ihres Unternehmens. Wir empfehlen Ihnen daher nur die gewerblichen Schutzrechte und deren Durchsetzung, die Ihren unternehmerischen Zielen dienen. \n<br><br>\nWir sind Teamplayer. Sowohl intern \u00fcber alle B\u00fcros und L\u00e4nder hinweg als auch in der Zusammenarbeit mit unseren Mandanten.\t\t\t\t\t\t\t\t<\/div>\n\t\t\t\t<\/div>\n\t\t\t\t\t<\/div>\n\t\t<\/div>\n\t\t\t\t\t<\/div>\n\t\t<\/section>\n\t\t\t\t<section class=\"elementor-section elementor-top-section elementor-element elementor-element-054b4ce elementor-section-stretched elementor-section-boxed elementor-section-height-default elementor-section-height-default\" data-id=\"054b4ce\" data-element_type=\"section\" data-e-type=\"section\" data-settings=\"{&quot;stretch_section&quot;:&quot;section-stretched&quot;,&quot;background_background&quot;:&quot;classic&quot;}\">\n\t\t\t\t\t\t\t<div class=\"elementor-background-overlay\"><\/div>\n\t\t\t\t\t\t\t<div class=\"elementor-container elementor-column-gap-default\">\n\t\t\t\t\t<div class=\"elementor-column elementor-col-100 elementor-top-column elementor-element elementor-element-f53fd9f\" data-id=\"f53fd9f\" data-element_type=\"column\" data-e-type=\"column\">\n\t\t\t<div class=\"elementor-widget-wrap elementor-element-populated\">\n\t\t\t\t\t\t<div class=\"elementor-element elementor-element-a96ca2d elementor-widget elementor-widget-heading\" data-id=\"a96ca2d\" data-element_type=\"widget\" data-e-type=\"widget\" data-widget_type=\"heading.default\">\n\t\t\t\t<div class=\"elementor-widget-container\">\n\t\t\t\t\t<h3 class=\"elementor-heading-title elementor-size-default\">SERVICES<\/h3>\t\t\t\t<\/div>\n\t\t\t\t<\/div>\n\t\t\t\t\t<\/div>\n\t\t<\/div>\n\t\t\t\t\t<\/div>\n\t\t<\/section>\n\t\t\t\t<section class=\"elementor-section elementor-top-section elementor-element elementor-element-7596e7d elementor-section-stretched elementor-section-boxed elementor-section-height-default elementor-section-height-default\" data-id=\"7596e7d\" data-element_type=\"section\" data-e-type=\"section\" data-settings=\"{&quot;stretch_section&quot;:&quot;section-stretched&quot;,&quot;background_background&quot;:&quot;classic&quot;}\">\n\t\t\t\t\t\t<div class=\"elementor-container elementor-column-gap-default\">\n\t\t\t\t\t<div class=\"elementor-column elementor-col-33 elementor-top-column elementor-element elementor-element-cecc388\" data-id=\"cecc388\" data-element_type=\"column\" data-e-type=\"column\">\n\t\t\t<div class=\"elementor-widget-wrap elementor-element-populated\">\n\t\t\t\t\t\t<div class=\"elementor-element elementor-element-141a4a4 elementor-widget elementor-widget-text-editor\" data-id=\"141a4a4\" data-element_type=\"widget\" data-e-type=\"widget\" data-widget_type=\"text-editor.default\">\n\t\t\t\t<div class=\"elementor-widget-container\">\n\t\t\t\t\t\t\t\t\t<ul><li>PATENTE<\/li><li>MARKEN<\/li><li>PROSECUTION<\/li><li>LITIGATION<\/li><li>ARTIFICIAL INTELLIGENCE<\/li><\/ul>\t\t\t\t\t\t\t\t<\/div>\n\t\t\t\t<\/div>\n\t\t\t\t\t<\/div>\n\t\t<\/div>\n\t\t\t\t<div class=\"elementor-column elementor-col-33 elementor-top-column elementor-element elementor-element-7677fec\" data-id=\"7677fec\" data-element_type=\"column\" data-e-type=\"column\">\n\t\t\t<div class=\"elementor-widget-wrap elementor-element-populated\">\n\t\t\t\t\t\t<div class=\"elementor-element elementor-element-bdcdf27 elementor-widget elementor-widget-text-editor\" data-id=\"bdcdf27\" data-element_type=\"widget\" data-e-type=\"widget\" data-widget_type=\"text-editor.default\">\n\t\t\t\t<div class=\"elementor-widget-container\">\n\t\t\t\t\t\t\t\t\t<ul><li>SOFTWARE<\/li><li>IT LAW<\/li><li>IP STRATEGY AND MANAGEMENT<\/li><li>DATA PROTECTION<\/li><li>INDUSTRIE 4.0<\/li><\/ul>\t\t\t\t\t\t\t\t<\/div>\n\t\t\t\t<\/div>\n\t\t\t\t\t<\/div>\n\t\t<\/div>\n\t\t\t\t<div class=\"elementor-column elementor-col-33 elementor-top-column elementor-element elementor-element-8233708\" data-id=\"8233708\" data-element_type=\"column\" data-e-type=\"column\">\n\t\t\t<div class=\"elementor-widget-wrap elementor-element-populated\">\n\t\t\t\t\t\t<div class=\"elementor-element elementor-element-e4c2352 elementor-widget elementor-widget-text-editor\" data-id=\"e4c2352\" data-element_type=\"widget\" data-e-type=\"widget\" data-widget_type=\"text-editor.default\">\n\t\t\t\t<div class=\"elementor-widget-container\">\n\t\t\t\t\t\t\t\t\t<ul><li>MERCHANDISING AND LICENSING<\/li><li>ARBEITNEHMERERFINDERRECHT<\/li><li>WETTBEWERBSRECHT<\/li><li>URHEBERRECHT<\/li><li>GRENZBESCHLAGNAHME<\/li><\/ul>\t\t\t\t\t\t\t\t<\/div>\n\t\t\t\t<\/div>\n\t\t\t\t\t<\/div>\n\t\t<\/div>\n\t\t\t\t\t<\/div>\n\t\t<\/section>\n\t\t\t\t<section class=\"elementor-section elementor-top-section elementor-element elementor-element-512bc6a elementor-section-stretched elementor-section-boxed elementor-section-height-default elementor-section-height-default\" data-id=\"512bc6a\" data-element_type=\"section\" data-e-type=\"section\" data-settings=\"{&quot;stretch_section&quot;:&quot;section-stretched&quot;,&quot;background_background&quot;:&quot;classic&quot;}\">\n\t\t\t\t\t\t\t<div class=\"elementor-background-overlay\"><\/div>\n\t\t\t\t\t\t\t<div class=\"elementor-container elementor-column-gap-default\">\n\t\t\t\t\t<div class=\"elementor-column elementor-col-100 elementor-top-column elementor-element elementor-element-2440c01\" data-id=\"2440c01\" data-element_type=\"column\" data-e-type=\"column\">\n\t\t\t<div class=\"elementor-widget-wrap elementor-element-populated\">\n\t\t\t\t\t\t<div class=\"elementor-element elementor-element-289cf6f elementor-widget elementor-widget-heading\" data-id=\"289cf6f\" data-element_type=\"widget\" data-e-type=\"widget\" data-widget_type=\"heading.default\">\n\t\t\t\t<div class=\"elementor-widget-container\">\n\t\t\t\t\t<h3 class=\"elementor-heading-title elementor-size-default\">DAS TEAM<\/h3>\t\t\t\t<\/div>\n\t\t\t\t<\/div>\n\t\t\t\t\t<\/div>\n\t\t<\/div>\n\t\t\t\t\t<\/div>\n\t\t<\/section>\n\t\t\t\t<section class=\"elementor-section elementor-top-section elementor-element elementor-element-9f133a9 elementor-section-full_width elementor-section-stretched elementor-section-height-default elementor-section-height-default\" data-id=\"9f133a9\" data-element_type=\"section\" data-e-type=\"section\" data-settings=\"{&quot;stretch_section&quot;:&quot;section-stretched&quot;}\">\n\t\t\t\t\t\t<div class=\"elementor-container elementor-column-gap-default\">\n\t\t\t\t\t<div class=\"elementor-column elementor-col-100 elementor-top-column elementor-element elementor-element-a7bca41\" data-id=\"a7bca41\" data-element_type=\"column\" data-e-type=\"column\">\n\t\t\t<div class=\"elementor-widget-wrap elementor-element-populated\">\n\t\t\t\t\t\t<div class=\"elementor-element elementor-element-480a968 elementor-arrows-position-inside elementor-pagination-position-outside elementor-widget elementor-widget-image-carousel\" data-id=\"480a968\" data-element_type=\"widget\" data-e-type=\"widget\" data-settings=\"{&quot;navigation&quot;:&quot;both&quot;,&quot;autoplay&quot;:&quot;yes&quot;,&quot;pause_on_hover&quot;:&quot;yes&quot;,&quot;pause_on_interaction&quot;:&quot;yes&quot;,&quot;autoplay_speed&quot;:5000,&quot;infinite&quot;:&quot;yes&quot;,&quot;speed&quot;:500}\" data-widget_type=\"image-carousel.default\">\n\t\t\t\t<div class=\"elementor-widget-container\">\n\t\t\t\t\t\t\t<div class=\"elementor-image-carousel-wrapper swiper\" role=\"region\" aria-roledescription=\"carousel\" aria-label=\"Image Carousel\" dir=\"ltr\">\n\t\t\t<div class=\"elementor-image-carousel swiper-wrapper\" aria-live=\"off\">\n\t\t\t\t\t\t\t\t<div class=\"swiper-slide\" role=\"group\" aria-roledescription=\"slide\" aria-label=\"1 of 16\"><a data-elementor-open-lightbox=\"yes\" data-elementor-lightbox-slideshow=\"480a968\" data-elementor-lightbox-title=\"Fred Sonnenberg\" data-e-action-hash=\"#elementor-action%3Aaction%3Dlightbox%26settings%3DeyJpZCI6MTkwLCJ1cmwiOiJodHRwczpcL1wvYmxvZy5zaHAubGF3XC93cC1jb250ZW50XC91cGxvYWRzXC8yMDIwXC8wN1wvRnJlZC1Tb25uZW5iZXJnLmpwZyIsInNsaWRlc2hvdyI6IjQ4MGE5NjgifQ%3D%3D\" href=\"https:\/\/blog.shp.law\/index.php\/team\/\"><figure class=\"swiper-slide-inner\"><img decoding=\"async\" class=\"swiper-slide-image\" src=\"https:\/\/blog.shp.law\/wp-content\/uploads\/2020\/07\/Fred-Sonnenberg.jpg\" alt=\"Fred Sonnenberg\" \/><\/figure><\/a><\/div><div class=\"swiper-slide\" role=\"group\" aria-roledescription=\"slide\" aria-label=\"2 of 16\"><a data-elementor-open-lightbox=\"yes\" data-elementor-lightbox-slideshow=\"480a968\" data-elementor-lightbox-title=\"Robert Harrison\" data-e-action-hash=\"#elementor-action%3Aaction%3Dlightbox%26settings%3DeyJpZCI6MTkzLCJ1cmwiOiJodHRwczpcL1wvYmxvZy5zaHAubGF3XC93cC1jb250ZW50XC91cGxvYWRzXC8yMDIwXC8wN1wvUm9iZXJ0LUhhcnJpc29uLmpwZyIsInNsaWRlc2hvdyI6IjQ4MGE5NjgifQ%3D%3D\" href=\"https:\/\/blog.shp.law\/index.php\/team\/\"><figure class=\"swiper-slide-inner\"><img decoding=\"async\" class=\"swiper-slide-image\" src=\"https:\/\/blog.shp.law\/wp-content\/uploads\/2020\/07\/Robert-Harrison.jpg\" alt=\"Robert Harrison\" \/><\/figure><\/a><\/div><div class=\"swiper-slide\" role=\"group\" aria-roledescription=\"slide\" aria-label=\"3 of 16\"><a data-elementor-open-lightbox=\"yes\" data-elementor-lightbox-slideshow=\"480a968\" data-elementor-lightbox-title=\"Harald Hofmann\" data-e-action-hash=\"#elementor-action%3Aaction%3Dlightbox%26settings%3DeyJpZCI6MTkyLCJ1cmwiOiJodHRwczpcL1wvYmxvZy5zaHAubGF3XC93cC1jb250ZW50XC91cGxvYWRzXC8yMDIwXC8wN1wvSGFyYWxkLUhvZm1hbm4uanBnIiwic2xpZGVzaG93IjoiNDgwYTk2OCJ9\" href=\"https:\/\/blog.shp.law\/index.php\/team\/\"><figure class=\"swiper-slide-inner\"><img decoding=\"async\" class=\"swiper-slide-image\" src=\"https:\/\/blog.shp.law\/wp-content\/uploads\/2020\/07\/Harald-Hofmann.jpg\" alt=\"Harald Hofmann\" \/><\/figure><\/a><\/div><div class=\"swiper-slide\" role=\"group\" aria-roledescription=\"slide\" aria-label=\"4 of 16\"><a data-elementor-open-lightbox=\"yes\" data-elementor-lightbox-slideshow=\"480a968\" data-elementor-lightbox-title=\"Alexander Schmidt\" data-e-action-hash=\"#elementor-action%3Aaction%3Dlightbox%26settings%3DeyJpZCI6MTkxLCJ1cmwiOiJodHRwczpcL1wvYmxvZy5zaHAubGF3XC93cC1jb250ZW50XC91cGxvYWRzXC8yMDIwXC8wN1wvQWxleGFuZGVyLVNjaG1pZHQuanBnIiwic2xpZGVzaG93IjoiNDgwYTk2OCJ9\" href=\"https:\/\/blog.shp.law\/index.php\/team\/\"><figure class=\"swiper-slide-inner\"><img decoding=\"async\" class=\"swiper-slide-image\" src=\"https:\/\/blog.shp.law\/wp-content\/uploads\/2020\/07\/Alexander-Schmidt.jpg\" alt=\"Alexander Schmidt\" \/><\/figure><\/a><\/div><div class=\"swiper-slide\" role=\"group\" aria-roledescription=\"slide\" aria-label=\"5 of 16\"><a data-elementor-open-lightbox=\"yes\" data-elementor-lightbox-slideshow=\"480a968\" data-elementor-lightbox-title=\"Rebiere\" data-e-action-hash=\"#elementor-action%3Aaction%3Dlightbox%26settings%3DeyJpZCI6NzA3LCJ1cmwiOiJodHRwczpcL1wvYmxvZy5zaHAubGF3XC93cC1jb250ZW50XC91cGxvYWRzXC8yMDIwXC8xMFwvUmViaWVyZS0xLXNjYWxlZC1lMTYwMzgxMTA2MzQ4NC5qcGciLCJzbGlkZXNob3ciOiI0ODBhOTY4In0%3D\" href=\"https:\/\/blog.shp.law\/index.php\/team\/\"><figure class=\"swiper-slide-inner\"><img decoding=\"async\" class=\"swiper-slide-image\" src=\"https:\/\/blog.shp.law\/wp-content\/uploads\/2020\/10\/Rebiere-1-768x512.jpg\" alt=\"Rebiere\" \/><\/figure><\/a><\/div><div class=\"swiper-slide\" role=\"group\" aria-roledescription=\"slide\" aria-label=\"6 of 16\"><a data-elementor-open-lightbox=\"yes\" data-elementor-lightbox-slideshow=\"480a968\" data-elementor-lightbox-title=\"Kilian Mueller\" data-e-action-hash=\"#elementor-action%3Aaction%3Dlightbox%26settings%3DeyJpZCI6MTk1LCJ1cmwiOiJodHRwczpcL1wvYmxvZy5zaHAubGF3XC93cC1jb250ZW50XC91cGxvYWRzXC8yMDIwXC8wN1wvS2lsaWFuLU11ZWxsZXIuanBnIiwic2xpZGVzaG93IjoiNDgwYTk2OCJ9\" href=\"https:\/\/blog.shp.law\/index.php\/team\/\"><figure class=\"swiper-slide-inner\"><img decoding=\"async\" class=\"swiper-slide-image\" src=\"https:\/\/blog.shp.law\/wp-content\/uploads\/2020\/07\/Kilian-Mueller.jpg\" alt=\"Kilian Mueller\" \/><\/figure><\/a><\/div><div class=\"swiper-slide\" role=\"group\" aria-roledescription=\"slide\" aria-label=\"7 of 16\"><a data-elementor-open-lightbox=\"yes\" data-elementor-lightbox-slideshow=\"480a968\" data-elementor-lightbox-title=\"Marko Brumnik\" data-e-action-hash=\"#elementor-action%3Aaction%3Dlightbox%26settings%3DeyJpZCI6MzU5LCJ1cmwiOiJodHRwczpcL1wvYmxvZy5zaHAubGF3XC93cC1jb250ZW50XC91cGxvYWRzXC8yMDIwXC8wN1wvTWFya28tQnJ1bW5pay0xLmpwZyIsInNsaWRlc2hvdyI6IjQ4MGE5NjgifQ%3D%3D\" href=\"https:\/\/blog.shp.law\/index.php\/team\/\"><figure class=\"swiper-slide-inner\"><img decoding=\"async\" class=\"swiper-slide-image\" src=\"https:\/\/blog.shp.law\/wp-content\/uploads\/2020\/07\/Marko-Brumnik-1.jpg\" alt=\"Marko Brumnik\" \/><\/figure><\/a><\/div><div class=\"swiper-slide\" role=\"group\" aria-roledescription=\"slide\" aria-label=\"8 of 16\"><a data-elementor-open-lightbox=\"yes\" data-elementor-lightbox-slideshow=\"480a968\" data-elementor-lightbox-title=\"Beat Wuest\" data-e-action-hash=\"#elementor-action%3Aaction%3Dlightbox%26settings%3DeyJpZCI6MTk2LCJ1cmwiOiJodHRwczpcL1wvYmxvZy5zaHAubGF3XC93cC1jb250ZW50XC91cGxvYWRzXC8yMDIwXC8wN1wvQmVhdC1XdWVzdC5qcGciLCJzbGlkZXNob3ciOiI0ODBhOTY4In0%3D\" href=\"https:\/\/blog.shp.law\/index.php\/team\/\"><figure class=\"swiper-slide-inner\"><img decoding=\"async\" class=\"swiper-slide-image\" src=\"https:\/\/blog.shp.law\/wp-content\/uploads\/2020\/07\/Beat-Wuest.jpg\" alt=\"Beat Wuest\" \/><\/figure><\/a><\/div><div class=\"swiper-slide\" role=\"group\" aria-roledescription=\"slide\" aria-label=\"9 of 16\"><a data-elementor-open-lightbox=\"yes\" data-elementor-lightbox-slideshow=\"480a968\" data-elementor-lightbox-title=\"Rica Bai\" data-e-action-hash=\"#elementor-action%3Aaction%3Dlightbox%26settings%3DeyJpZCI6MjYxLCJ1cmwiOiJodHRwczpcL1wvYmxvZy5zaHAubGF3XC93cC1jb250ZW50XC91cGxvYWRzXC8yMDIwXC8wN1wvUmljYS1CYWkuanBnIiwic2xpZGVzaG93IjoiNDgwYTk2OCJ9\" href=\"https:\/\/blog.shp.law\/index.php\/team\/\"><figure class=\"swiper-slide-inner\"><img decoding=\"async\" class=\"swiper-slide-image\" src=\"https:\/\/blog.shp.law\/wp-content\/uploads\/2020\/07\/Rica-Bai.jpg\" alt=\"Rica Bai\" \/><\/figure><\/a><\/div><div class=\"swiper-slide\" role=\"group\" aria-roledescription=\"slide\" aria-label=\"10 of 16\"><a data-elementor-open-lightbox=\"yes\" data-elementor-lightbox-slideshow=\"480a968\" data-e-action-hash=\"#elementor-action%3Aaction%3Dlightbox%26settings%3DeyJpZCI6MjYyLCJ1cmwiOmZhbHNlLCJzbGlkZXNob3ciOiI0ODBhOTY4In0%3D\" href=\"https:\/\/blog.shp.law\/index.php\/team\/\"><figure class=\"swiper-slide-inner\"><img decoding=\"async\" class=\"swiper-slide-image\" src=\"https:\/\/blog.shp.law\/wp-content\/uploads\/2020\/07\/Katrin-Rothenfusser.jpg\" alt=\"\" \/><\/figure><\/a><\/div><div class=\"swiper-slide\" role=\"group\" aria-roledescription=\"slide\" aria-label=\"11 of 16\"><a data-elementor-open-lightbox=\"yes\" data-elementor-lightbox-slideshow=\"480a968\" data-elementor-lightbox-title=\"Massioui_b\" data-e-action-hash=\"#elementor-action%3Aaction%3Dlightbox%26settings%3DeyJpZCI6Njk1LCJ1cmwiOiJodHRwczpcL1wvYmxvZy5zaHAubGF3XC93cC1jb250ZW50XC91cGxvYWRzXC8yMDIwXC8xMFwvTWFzc2lvdWlfYi1zY2FsZWQtZTE2MDM4MTExMDEyNTUuanBnIiwic2xpZGVzaG93IjoiNDgwYTk2OCJ9\" href=\"https:\/\/blog.shp.law\/index.php\/team\/\"><figure class=\"swiper-slide-inner\"><img decoding=\"async\" class=\"swiper-slide-image\" src=\"https:\/\/blog.shp.law\/wp-content\/uploads\/2020\/10\/Massioui_b-768x512.jpg\" alt=\"Massioui_b\" \/><\/figure><\/a><\/div><div class=\"swiper-slide\" role=\"group\" aria-roledescription=\"slide\" aria-label=\"12 of 16\"><a data-elementor-open-lightbox=\"yes\" data-elementor-lightbox-slideshow=\"480a968\" data-elementor-lightbox-title=\"Daniela Bindel\" data-e-action-hash=\"#elementor-action%3Aaction%3Dlightbox%26settings%3DeyJpZCI6MjYzLCJ1cmwiOiJodHRwczpcL1wvYmxvZy5zaHAubGF3XC93cC1jb250ZW50XC91cGxvYWRzXC8yMDIwXC8wN1wvRGFuaWVsYS1CaW5kZWwuanBnIiwic2xpZGVzaG93IjoiNDgwYTk2OCJ9\" href=\"https:\/\/blog.shp.law\/index.php\/team\/\"><figure class=\"swiper-slide-inner\"><img decoding=\"async\" class=\"swiper-slide-image\" src=\"https:\/\/blog.shp.law\/wp-content\/uploads\/2020\/07\/Daniela-Bindel.jpg\" alt=\"Daniela Bindel\" \/><\/figure><\/a><\/div><div class=\"swiper-slide\" role=\"group\" aria-roledescription=\"slide\" aria-label=\"13 of 16\"><a data-elementor-open-lightbox=\"yes\" data-elementor-lightbox-slideshow=\"480a968\" data-e-action-hash=\"#elementor-action%3Aaction%3Dlightbox%26settings%3DeyJpZCI6MjY0LCJ1cmwiOmZhbHNlLCJzbGlkZXNob3ciOiI0ODBhOTY4In0%3D\" href=\"https:\/\/blog.shp.law\/index.php\/team\/\"><figure class=\"swiper-slide-inner\"><img decoding=\"async\" class=\"swiper-slide-image\" src=\"https:\/\/blog.shp.law\/wp-content\/uploads\/2020\/07\/Milen-Ido.jpg\" alt=\"\" \/><\/figure><\/a><\/div><div class=\"swiper-slide\" role=\"group\" aria-roledescription=\"slide\" aria-label=\"14 of 16\"><a data-elementor-open-lightbox=\"yes\" data-elementor-lightbox-slideshow=\"480a968\" data-e-action-hash=\"#elementor-action%3Aaction%3Dlightbox%26settings%3DeyJpZCI6MjY2LCJ1cmwiOmZhbHNlLCJzbGlkZXNob3ciOiI0ODBhOTY4In0%3D\" href=\"https:\/\/blog.shp.law\/index.php\/team\/\"><figure class=\"swiper-slide-inner\"><img decoding=\"async\" class=\"swiper-slide-image\" src=\"https:\/\/blog.shp.law\/wp-content\/uploads\/2020\/07\/Annika-Zeidler.jpg\" alt=\"\" \/><\/figure><\/a><\/div><div class=\"swiper-slide\" role=\"group\" aria-roledescription=\"slide\" aria-label=\"15 of 16\"><a data-elementor-open-lightbox=\"yes\" data-elementor-lightbox-slideshow=\"480a968\" data-elementor-lightbox-title=\"Irina Markovic\" data-e-action-hash=\"#elementor-action%3Aaction%3Dlightbox%26settings%3DeyJpZCI6MjY3LCJ1cmwiOiJodHRwczpcL1wvYmxvZy5zaHAubGF3XC93cC1jb250ZW50XC91cGxvYWRzXC8yMDIwXC8wN1wvSXJpbmEtTWFya292aWMuanBnIiwic2xpZGVzaG93IjoiNDgwYTk2OCJ9\" href=\"https:\/\/blog.shp.law\/index.php\/team\/\"><figure class=\"swiper-slide-inner\"><img decoding=\"async\" class=\"swiper-slide-image\" src=\"https:\/\/blog.shp.law\/wp-content\/uploads\/2020\/07\/Irina-Markovic.jpg\" alt=\"Irina Markovic\" \/><\/figure><\/a><\/div><div class=\"swiper-slide\" role=\"group\" aria-roledescription=\"slide\" aria-label=\"16 of 16\"><a data-elementor-open-lightbox=\"yes\" data-elementor-lightbox-slideshow=\"480a968\" data-elementor-lightbox-title=\"Sascha Klieser\" data-e-action-hash=\"#elementor-action%3Aaction%3Dlightbox%26settings%3DeyJpZCI6MjY4LCJ1cmwiOiJodHRwczpcL1wvYmxvZy5zaHAubGF3XC93cC1jb250ZW50XC91cGxvYWRzXC8yMDIwXC8wN1wvU2FzY2hhLUtsaWVzZXIuanBnIiwic2xpZGVzaG93IjoiNDgwYTk2OCJ9\" href=\"https:\/\/blog.shp.law\/index.php\/team\/\"><figure class=\"swiper-slide-inner\"><img decoding=\"async\" class=\"swiper-slide-image\" src=\"https:\/\/blog.shp.law\/wp-content\/uploads\/2020\/07\/Sascha-Klieser.jpg\" alt=\"Sascha Klieser\" \/><\/figure><\/a><\/div>\t\t\t<\/div>\n\t\t\t\t\t\t\t\t\t\t\t\t<div class=\"elementor-swiper-button elementor-swiper-button-prev\" role=\"button\" tabindex=\"0\">\n\t\t\t\t\t\t<i aria-hidden=\"true\" class=\"eicon-chevron-left\"><\/i>\t\t\t\t\t<\/div>\n\t\t\t\t\t<div class=\"elementor-swiper-button elementor-swiper-button-next\" role=\"button\" tabindex=\"0\">\n\t\t\t\t\t\t<i aria-hidden=\"true\" class=\"eicon-chevron-right\"><\/i>\t\t\t\t\t<\/div>\n\t\t\t\t\n\t\t\t\t\t\t\t\t\t<div class=\"swiper-pagination\"><\/div>\n\t\t\t\t\t\t\t\t\t<\/div>\n\t\t\t\t\t\t<\/div>\n\t\t\t\t<\/div>\n\t\t\t\t\t<\/div>\n\t\t<\/div>\n\t\t\t\t\t<\/div>\n\t\t<\/section>\n\t\t\t\t<section class=\"elementor-section elementor-top-section elementor-element elementor-element-9f3ddf1 elementor-section-boxed elementor-section-height-default elementor-section-height-default\" data-id=\"9f3ddf1\" data-element_type=\"section\" data-e-type=\"section\">\n\t\t\t\t\t\t<div class=\"elementor-container elementor-column-gap-default\">\n\t\t\t\t\t<div class=\"elementor-column elementor-col-100 elementor-top-column elementor-element elementor-element-9d9ffb4\" data-id=\"9d9ffb4\" data-element_type=\"column\" data-e-type=\"column\">\n\t\t\t<div class=\"elementor-widget-wrap elementor-element-populated\">\n\t\t\t\t\t\t<div class=\"elementor-element elementor-element-a21ad25 elementor-widget elementor-widget-text-editor\" data-id=\"a21ad25\" data-element_type=\"widget\" data-e-type=\"widget\" data-widget_type=\"text-editor.default\">\n\t\t\t\t<div class=\"elementor-widget-container\">\n\t\t\t\t\t\t\t\t\t<p>IP-Spezialisten mit technischer Expertise.<\/p><p>Unser internationales Team von Patent- und Rechtsanw\u00e4lten setzt Ihre Anspr\u00fcche im Gewerblichen Rechtsschutz erfolgreich durch.<\/p><p>Wir sind Experten in allen Bereichen des Gewerblichen Rechtsschutzes. Unsere umfangreichen Branchenerfahrungen decken ein sehr breites Spektrum ab \u2013 von Telekommunikation, \u00fcber Elektrotechnik &amp; Elektronik, Maschinenbau und Medizintechnik \u00fcber Halbleitertechnologie, K\u00fcnstliche Intelligenz, Industrie 4.0 und Software.<\/p><p>Wir sch\u00fctzen geistiges Eigentum. Marken, Patente und Designs brauchen wirkungsvollen Schutz. Wir stehen Ihnen zur Seite, um Ihre Interessen durchzusetzen oder zu verteidigen.<\/p>\t\t\t\t\t\t\t\t<\/div>\n\t\t\t\t<\/div>\n\t\t\t\t\t<\/div>\n\t\t<\/div>\n\t\t\t\t\t<\/div>\n\t\t<\/section>\n\t\t\t\t<\/div>\n\t\t","protected":false},"excerpt":{"rendered":"<p>DIE KANZLEI SONNENBERG HARRISON versteht sich als Partner der Industrie und Kreativen und bietet eine entsprechend umfassende service- und l\u00f6sungsorientierte Beratung im gewerblichen Rechtsschutz an. Dabei stehen die Qualit\u00e4t unserer Arbeit, die Effektivit\u00e4t sowie das Engagement f\u00fcr die Belange unserer Mandanten im Vordergrund. Die fundierte rechtliche Beratung ist dabei selbstverst\u00e4ndlich. Daneben denken wir aber vor [&hellip;]<\/p>\n","protected":false},"author":3,"featured_media":0,"parent":0,"menu_order":0,"comment_status":"closed","ping_status":"closed","template":"","meta":{"footnotes":""},"class_list":["post-2","page","type-page","status-publish","hentry"],"_links":{"self":[{"href":"https:\/\/blog.shp.law\/index.php\/wp-json\/wp\/v2\/pages\/2","targetHints":{"allow":["GET"]}}],"collection":[{"href":"https:\/\/blog.shp.law\/index.php\/wp-json\/wp\/v2\/pages"}],"about":[{"href":"https:\/\/blog.shp.law\/index.php\/wp-json\/wp\/v2\/types\/page"}],"author":[{"embeddable":true,"href":"https:\/\/blog.shp.law\/index.php\/wp-json\/wp\/v2\/users\/3"}],"replies":[{"embeddable":true,"href":"https:\/\/blog.shp.law\/index.php\/wp-json\/wp\/v2\/comments?post=2"}],"version-history":[{"count":1,"href":"https:\/\/blog.shp.law\/index.php\/wp-json\/wp\/v2\/pages\/2\/revisions"}],"predecessor-version":[{"id":1835,"href":"https:\/\/blog.shp.law\/index.php\/wp-json\/wp\/v2\/pages\/2\/revisions\/1835"}],"wp:attachment":[{"href":"https:\/\/blog.shp.law\/index.php\/wp-json\/wp\/v2\/media?parent=2"}],"curies":[{"name":"wp","href":"https:\/\/api.w.org\/{rel}","templated":true}]}}